{"id":18,"date":"2020-02-15T10:38:12","date_gmt":"2020-02-15T10:38:12","guid":{"rendered":"https:\/\/the7.io\/logistics\/?page_id=18"},"modified":"2024-12-11T16:18:57","modified_gmt":"2024-12-11T16:18:57","slug":"noticias","status":"publish","type":"page","link":"https:\/\/www.xn--gruasandreuydueas-txb.com\/index.php\/noticias\/","title":{"rendered":"Noticias"},"content":{"rendered":"\t\t<div data-elementor-type=\"wp-page\" data-elementor-id=\"18\" class=\"elementor elementor-18\" data-elementor-post-type=\"page\">\n\t\t\t\t\t\t<section class=\"elementor-section elementor-top-section elementor-element elementor-element-6a0f6f7 elementor-section-content-middle elementor-section-boxed elementor-section-height-default elementor-section-height-default\" data-id=\"6a0f6f7\" data-element_type=\"section\">\n\t\t\t\t\t\t<div class=\"elementor-container elementor-column-gap-wider\">\n\t\t\t\t\t<div class=\"elementor-column elementor-col-50 elementor-top-column elementor-element elementor-element-eb23d2d\" data-id=\"eb23d2d\" data-element_type=\"column\">\n\t\t\t<div class=\"elementor-widget-wrap elementor-element-populated\">\n\t\t\t\t\t\t<div class=\"elementor-element elementor-element-3d6db17 elementor-widget elementor-widget-heading\" data-id=\"3d6db17\" data-element_type=\"widget\" data-widget_type=\"heading.default\">\n\t\t\t\t<div class=\"elementor-widget-container\">\n\t\t\t<h3 class=\"elementor-heading-title elementor-size-default\">Noticias E INFORMACI\u00d3N<\/h3>\t\t<\/div>\n\t\t\t\t<\/div>\n\t\t\t\t\t<\/div>\n\t\t<\/div>\n\t\t\t\t<div class=\"elementor-column elementor-col-50 elementor-top-column elementor-element elementor-element-a82018f\" data-id=\"a82018f\" data-element_type=\"column\">\n\t\t\t<div class=\"elementor-widget-wrap elementor-element-populated\">\n\t\t\t\t\t\t<div class=\"elementor-element elementor-element-8bd3be3 elementor-widget__width-auto elementor-widget elementor-widget-heading\" data-id=\"8bd3be3\" data-element_type=\"widget\" data-widget_type=\"heading.default\">\n\t\t\t\t<div class=\"elementor-widget-container\">\n\t\t\t<h3 class=\"elementor-heading-title elementor-size-default\">\u00daltimas novedades y anuncios de la compa\u00f1\u00eda<\/h3>\t\t<\/div>\n\t\t\t\t<\/div>\n\t\t\t\t\t<\/div>\n\t\t<\/div>\n\t\t\t\t\t<\/div>\n\t\t<\/section>\n\t\t\t\t<section class=\"elementor-section elementor-top-section elementor-element elementor-element-90e689f elementor-section-boxed elementor-section-height-default elementor-section-height-default\" data-id=\"90e689f\" data-element_type=\"section\">\n\t\t\t\t\t\t<div class=\"elementor-container elementor-column-gap-wider\">\n\t\t\t\t\t<div class=\"elementor-column elementor-col-100 elementor-top-column elementor-element elementor-element-d3af813\" data-id=\"d3af813\" data-element_type=\"column\">\n\t\t\t<div class=\"elementor-widget-wrap elementor-element-populated\">\n\t\t\t\t\t\t<div class=\"elementor-element elementor-element-7738ee6 preserve-img-ratio-cover elementor-widget elementor-widget-the7_elements\" data-id=\"7738ee6\" data-element_type=\"widget\" data-widget_type=\"the7_elements.default\">\n\t\t\t\t<div class=\"elementor-widget-container\">\n\t\t\t<div class=\"portfolio-shortcode the7-elementor-widget the7_elements-7738ee6 mode-grid dt-css-grid-wrap classic-layout-list description-under-image content-bg-on resize-by-browser-width loading-effect-none\" data-padding=\"60px\" data-mobile-columns-num=\"1\" data-tablet-columns-num=\"2\" data-desktop-columns-num=\"3\" data-wide-desktop-columns-num=\"3\" data-post-limit=\"-1\" data-pagination-mode=\"standard\" data-scroll-offset=\"\"><div class=\"dt-css-grid custom-pagination-handler\"><div class=\"visible wf-cell\" data-post-id=\"309\" data-date=\"2020-02-22T11:32:27+00:00\" data-name=\"\u00a1Estrenamos nueva p\u00e1gina web en Gr\u00faas Andreu y Due\u00f1as!\"><article class=\"post visible no-img post-309 type-post status-publish format-standard hentry category-news\" data-name=\"\u00a1Estrenamos nueva p\u00e1gina web en Gr\u00faas Andreu y Due\u00f1as!\" data-date=\"2020-02-22T11:32:27+00:00\">\n\n<div class=\"post-entry-content\">\n\n\t<h3 class=\"ele-entry-title\"><a href=\"https:\/\/www.xn--gruasandreuydueas-txb.com\/index.php\/nueva-pagina-web\/\" rel=\"bookmark\" title=\"\u00a1Estrenamos nueva p\u00e1gina web en Gr\u00faas Andreu y Due\u00f1as!\">\u00a1Estrenamos nueva p\u00e1gina web en Gr\u00faas Andreu y Due\u00f1as!<\/a><\/h3><div class=\"entry-meta\"><a href=\"https:\/\/www.xn--gruasandreuydueas-txb.com\/index.php\/2020\/02\/22\/\" title=\"11:32 am\" class=\"meta-item data-link\" rel=\"bookmark\"><time class=\"entry-date updated\" datetime=\"2020-02-22T11:32:27+00:00\">febrero 22, 2020<\/time><\/a><\/div>\n<\/div><\/article><\/div><\/div><!-- iso-container|iso-grid --><\/div>\t\t<\/div>\n\t\t\t\t<\/div>\n\t\t\t\t\t<\/div>\n\t\t<\/div>\n\t\t\t\t\t<\/div>\n\t\t<\/section>\n\t\t\t\t<\/div>\n\t\t","protected":false},"excerpt":{"rendered":"<p>Noticias E INFORMACI\u00d3N \u00daltimas novedades y anuncios de la compa\u00f1\u00eda Hello world! enero 25, 2023 Ipsum dolor nulla \u2013 magna glavrida from adipiscing febrero 22, 2020 Tincidunt nisl scelerisque neque febrero 17, 2020 Donec sed &#8211; tincidunt nisl scelerisqu fermentum febrero 17, 2020 From amet to glavrida: 10 lorem ipsm dolor febrero 17, 2020 Lorem&hellip;<\/p>\n","protected":false},"author":1,"featured_media":0,"parent":0,"menu_order":50,"comment_status":"closed","ping_status":"closed","template":"","meta":{"footnotes":""},"class_list":["post-18","page","type-page","status-publish","hentry"],"yoast_head":"<!-- This site is optimized with the Yoast SEO plugin v24.0 - https:\/\/yoast.com\/wordpress\/plugins\/seo\/ -->\n<title>Noticias - Gruas Andreu y Due&ntilde;as<\/title>\n<meta name=\"robots\" content=\"index, follow, max-snippet:-1, max-image-preview:large, max-video-preview:-1\" \/>\n<link rel=\"canonical\" href=\"https:\/\/www.xn--gruasandreuydueas-txb.com\/index.php\/noticias\/\" \/>\n<meta property=\"og:locale\" content=\"es_ES\" \/>\n<meta property=\"og:type\" content=\"article\" \/>\n<meta property=\"og:title\" content=\"Noticias - Gruas Andreu y Due&ntilde;as\" \/>\n<meta property=\"og:description\" content=\"Noticias E INFORMACI\u00d3N \u00daltimas novedades y anuncios de la compa\u00f1\u00eda Hello world! enero 25, 2023 Ipsum dolor nulla \u2013 magna glavrida from adipiscing febrero 22, 2020 Tincidunt nisl scelerisque neque febrero 17, 2020 Donec sed &#8211; tincidunt nisl scelerisqu fermentum febrero 17, 2020 From amet to glavrida: 10 lorem ipsm dolor febrero 17, 2020 Lorem&hellip;\" \/>\n<meta property=\"og:url\" content=\"https:\/\/www.xn--gruasandreuydueas-txb.com\/index.php\/noticias\/\" \/>\n<meta property=\"og:site_name\" content=\"Gruas Andreu y Due&ntilde;as\" \/>\n<meta property=\"article:publisher\" content=\"https:\/\/www.facebook.com\/GRUASANDREUYDUENYASS.L.L\" \/>\n<meta property=\"article:modified_time\" content=\"2024-12-11T16:18:57+00:00\" \/>\n<meta property=\"og:image\" content=\"https:\/\/www.xn--gruasandreuydueas-txb.com\/wp-content\/uploads\/2020\/02\/tr013.jpg\" \/>\n\t<meta property=\"og:image:width\" content=\"1500\" \/>\n\t<meta property=\"og:image:height\" content=\"1000\" \/>\n\t<meta property=\"og:image:type\" content=\"image\/jpeg\" \/>\n<meta name=\"twitter:card\" content=\"summary_large_image\" \/>\n<meta name=\"twitter:label1\" content=\"Tiempo de lectura\" \/>\n\t<meta name=\"twitter:data1\" content=\"3 minutos\" \/>\n<script type=\"application\/ld+json\" class=\"yoast-schema-graph\">{\"@context\":\"https:\/\/schema.org\",\"@graph\":[{\"@type\":\"WebPage\",\"@id\":\"https:\/\/www.xn--gruasandreuydueas-txb.com\/index.php\/noticias\/\",\"url\":\"https:\/\/www.xn--gruasandreuydueas-txb.com\/index.php\/noticias\/\",\"name\":\"Noticias - Gruas Andreu y Due&ntilde;as\",\"isPartOf\":{\"@id\":\"https:\/\/www.xn--gruasandreuydueas-txb.com\/#website\"},\"datePublished\":\"2020-02-15T10:38:12+00:00\",\"dateModified\":\"2024-12-11T16:18:57+00:00\",\"breadcrumb\":{\"@id\":\"https:\/\/www.xn--gruasandreuydueas-txb.com\/index.php\/noticias\/#breadcrumb\"},\"inLanguage\":\"es\",\"potentialAction\":[{\"@type\":\"ReadAction\",\"target\":[\"https:\/\/www.xn--gruasandreuydueas-txb.com\/index.php\/noticias\/\"]}]},{\"@type\":\"BreadcrumbList\",\"@id\":\"https:\/\/www.xn--gruasandreuydueas-txb.com\/index.php\/noticias\/#breadcrumb\",\"itemListElement\":[{\"@type\":\"ListItem\",\"position\":1,\"name\":\"Portada\",\"item\":\"https:\/\/www.xn--gruasandreuydueas-txb.com\/\"},{\"@type\":\"ListItem\",\"position\":2,\"name\":\"Noticias\"}]},{\"@type\":\"WebSite\",\"@id\":\"https:\/\/www.xn--gruasandreuydueas-txb.com\/#website\",\"url\":\"https:\/\/www.xn--gruasandreuydueas-txb.com\/\",\"name\":\"Gruas Andreu y Due\u00f1as\",\"description\":\"Gruas Andreu y Due&ntilde;as\",\"publisher\":{\"@id\":\"https:\/\/www.xn--gruasandreuydueas-txb.com\/#organization\"},\"potentialAction\":[{\"@type\":\"SearchAction\",\"target\":{\"@type\":\"EntryPoint\",\"urlTemplate\":\"https:\/\/www.xn--gruasandreuydueas-txb.com\/?s={search_term_string}\"},\"query-input\":{\"@type\":\"PropertyValueSpecification\",\"valueRequired\":true,\"valueName\":\"search_term_string\"}}],\"inLanguage\":\"es\"},{\"@type\":\"Organization\",\"@id\":\"https:\/\/www.xn--gruasandreuydueas-txb.com\/#organization\",\"name\":\"Gruas Andreu y Due\u00f1as\",\"url\":\"https:\/\/www.xn--gruasandreuydueas-txb.com\/\",\"logo\":{\"@type\":\"ImageObject\",\"inLanguage\":\"es\",\"@id\":\"https:\/\/www.xn--gruasandreuydueas-txb.com\/#\/schema\/logo\/image\/\",\"url\":\"https:\/\/www.xn--gruasandreuydueas-txb.com\/wp-content\/uploads\/2024\/10\/logo.jpg\",\"contentUrl\":\"https:\/\/www.xn--gruasandreuydueas-txb.com\/wp-content\/uploads\/2024\/10\/logo.jpg\",\"width\":538,\"height\":261,\"caption\":\"Gruas Andreu y Due\u00f1as\"},\"image\":{\"@id\":\"https:\/\/www.xn--gruasandreuydueas-txb.com\/#\/schema\/logo\/image\/\"},\"sameAs\":[\"https:\/\/www.facebook.com\/GRUASANDREUYDUENYASS.L.L\"]}]}<\/script>\n<!-- \/ Yoast SEO plugin. -->","yoast_head_json":{"title":"Noticias - Gruas Andreu y Due&ntilde;as","robots":{"index":"index","follow":"follow","max-snippet":"max-snippet:-1","max-image-preview":"max-image-preview:large","max-video-preview":"max-video-preview:-1"},"canonical":"https:\/\/www.xn--gruasandreuydueas-txb.com\/index.php\/noticias\/","og_locale":"es_ES","og_type":"article","og_title":"Noticias - Gruas Andreu y Due&ntilde;as","og_description":"Noticias E INFORMACI\u00d3N \u00daltimas novedades y anuncios de la compa\u00f1\u00eda Hello world! enero 25, 2023 Ipsum dolor nulla \u2013 magna glavrida from adipiscing febrero 22, 2020 Tincidunt nisl scelerisque neque febrero 17, 2020 Donec sed &#8211; tincidunt nisl scelerisqu fermentum febrero 17, 2020 From amet to glavrida: 10 lorem ipsm dolor febrero 17, 2020 Lorem&hellip;","og_url":"https:\/\/www.xn--gruasandreuydueas-txb.com\/index.php\/noticias\/","og_site_name":"Gruas Andreu y Due&ntilde;as","article_publisher":"https:\/\/www.facebook.com\/GRUASANDREUYDUENYASS.L.L","article_modified_time":"2024-12-11T16:18:57+00:00","og_image":[{"width":1500,"height":1000,"url":"https:\/\/www.xn--gruasandreuydueas-txb.com\/wp-content\/uploads\/2020\/02\/tr013.jpg","type":"image\/jpeg"}],"twitter_card":"summary_large_image","twitter_misc":{"Tiempo de lectura":"3 minutos"},"schema":{"@context":"https:\/\/schema.org","@graph":[{"@type":"WebPage","@id":"https:\/\/www.xn--gruasandreuydueas-txb.com\/index.php\/noticias\/","url":"https:\/\/www.xn--gruasandreuydueas-txb.com\/index.php\/noticias\/","name":"Noticias - Gruas Andreu y Due&ntilde;as","isPartOf":{"@id":"https:\/\/www.xn--gruasandreuydueas-txb.com\/#website"},"datePublished":"2020-02-15T10:38:12+00:00","dateModified":"2024-12-11T16:18:57+00:00","breadcrumb":{"@id":"https:\/\/www.xn--gruasandreuydueas-txb.com\/index.php\/noticias\/#breadcrumb"},"inLanguage":"es","potentialAction":[{"@type":"ReadAction","target":["https:\/\/www.xn--gruasandreuydueas-txb.com\/index.php\/noticias\/"]}]},{"@type":"BreadcrumbList","@id":"https:\/\/www.xn--gruasandreuydueas-txb.com\/index.php\/noticias\/#breadcrumb","itemListElement":[{"@type":"ListItem","position":1,"name":"Portada","item":"https:\/\/www.xn--gruasandreuydueas-txb.com\/"},{"@type":"ListItem","position":2,"name":"Noticias"}]},{"@type":"WebSite","@id":"https:\/\/www.xn--gruasandreuydueas-txb.com\/#website","url":"https:\/\/www.xn--gruasandreuydueas-txb.com\/","name":"Gruas Andreu y Due\u00f1as","description":"Gruas Andreu y Due&ntilde;as","publisher":{"@id":"https:\/\/www.xn--gruasandreuydueas-txb.com\/#organization"},"potentialAction":[{"@type":"SearchAction","target":{"@type":"EntryPoint","urlTemplate":"https:\/\/www.xn--gruasandreuydueas-txb.com\/?s={search_term_string}"},"query-input":{"@type":"PropertyValueSpecification","valueRequired":true,"valueName":"search_term_string"}}],"inLanguage":"es"},{"@type":"Organization","@id":"https:\/\/www.xn--gruasandreuydueas-txb.com\/#organization","name":"Gruas Andreu y Due\u00f1as","url":"https:\/\/www.xn--gruasandreuydueas-txb.com\/","logo":{"@type":"ImageObject","inLanguage":"es","@id":"https:\/\/www.xn--gruasandreuydueas-txb.com\/#\/schema\/logo\/image\/","url":"https:\/\/www.xn--gruasandreuydueas-txb.com\/wp-content\/uploads\/2024\/10\/logo.jpg","contentUrl":"https:\/\/www.xn--gruasandreuydueas-txb.com\/wp-content\/uploads\/2024\/10\/logo.jpg","width":538,"height":261,"caption":"Gruas Andreu y Due\u00f1as"},"image":{"@id":"https:\/\/www.xn--gruasandreuydueas-txb.com\/#\/schema\/logo\/image\/"},"sameAs":["https:\/\/www.facebook.com\/GRUASANDREUYDUENYASS.L.L"]}]}},"_links":{"self":[{"href":"https:\/\/www.xn--gruasandreuydueas-txb.com\/index.php\/wp-json\/wp\/v2\/pages\/18","targetHints":{"allow":["GET"]}}],"collection":[{"href":"https:\/\/www.xn--gruasandreuydueas-txb.com\/index.php\/wp-json\/wp\/v2\/pages"}],"about":[{"href":"https:\/\/www.xn--gruasandreuydueas-txb.com\/index.php\/wp-json\/wp\/v2\/types\/page"}],"author":[{"embeddable":true,"href":"https:\/\/www.xn--gruasandreuydueas-txb.com\/index.php\/wp-json\/wp\/v2\/users\/1"}],"replies":[{"embeddable":true,"href":"https:\/\/www.xn--gruasandreuydueas-txb.com\/index.php\/wp-json\/wp\/v2\/comments?post=18"}],"version-history":[{"count":4,"href":"https:\/\/www.xn--gruasandreuydueas-txb.com\/index.php\/wp-json\/wp\/v2\/pages\/18\/revisions"}],"predecessor-version":[{"id":5989,"href":"https:\/\/www.xn--gruasandreuydueas-txb.com\/index.php\/wp-json\/wp\/v2\/pages\/18\/revisions\/5989"}],"wp:attachment":[{"href":"https:\/\/www.xn--gruasandreuydueas-txb.com\/index.php\/wp-json\/wp\/v2\/media?parent=18"}],"curies":[{"name":"wp","href":"https:\/\/api.w.org\/{rel}","templated":true}]}}